{"id":1150,"date":"2025-10-30T13:37:40","date_gmt":"2025-10-30T12:37:40","guid":{"rendered":"https:\/\/cjfoods.pxltest.hu\/allasok\/"},"modified":"2025-12-04T16:01:15","modified_gmt":"2025-12-04T15:01:15","slug":"allasok","status":"publish","type":"page","link":"https:\/\/cjfoods.pxltest.hu\/en\/allasok\/","title":{"rendered":"Jobs"},"content":{"rendered":"\t\t<div data-elementor-type=\"wp-page\" data-elementor-id=\"1150\" class=\"elementor elementor-1150 elementor-245\" data-elementor-post-type=\"page\">\n\t\t\t\t<div class=\"elementor-element elementor-element-3610909 e-con-full e-flex e-con e-parent\" data-id=\"3610909\" data-element_type=\"container\" data-e-type=\"container\">\n\t\t\t\t<div class=\"elementor-element elementor-element-62a8d58 elementor-widget elementor-widget-pxl_icon_feature_card_carousel\" data-id=\"62a8d58\" data-element_type=\"widget\" data-e-type=\"widget\" data-widget_type=\"pxl_icon_feature_card_carousel.default\">\n\t\t\t\t<div class=\"elementor-widget-container\">\n\t\t\t\t\t<div class=\"pxl-icon-feature-card-carousel\"><div class=\"pxl-icon-feature-card-carousel__title\"><h2>Job groups<\/h2><\/div><div class=\"swiper pxl-icon-feature-card-carousel__inner\"><div class=\"swiper-wrapper\"><div class=\"swiper-slide pxl-icon-feature-card elementor-repeater-item-63837d2\"><div class=\"pxl-icon-feature-card__inner\"><div class=\"pxl-icon-feature-card__bg\"><svg xmlns=\"http:\/\/www.w3.org\/2000\/svg\" width=\"361.117\" height=\"57.6\" viewBox=\"0 0 361.117 57.6\">\r\n  <path id=\"Intersection_1\" data-name=\"Intersection 1\" d=\"M-9681.289,14423c20.928-17.091,48.347-30.49,81.582-38.806,112.789-28.2,228.82-22.088,277.633,13.691V14412a11,11,0,0,1-11,11Z\" transform=\"translate(9682.691 -14365.902)\" fill=\"#f8a12e\" stroke=\"rgba(0,0,0,0)\" stroke-miterlimit=\"10\" stroke-width=\"1\"\/>\r\n<\/svg><\/div><div class=\"pxl-icon-feature-card__content\"><div class=\"pxl-icon-feature-card__icon\"><img loading=\"lazy\" decoding=\"async\" width=\"46\" height=\"48\" src=\"https:\/\/cjfoods.pxltest.hu\/wp-content\/uploads\/2025\/11\/asset-10.svg\" class=\"attachment-medium size-medium\" alt=\"\" loading=\"lazy\" \/><\/div><h4 class=\"pxl-icon-feature-card__title\">Leaders<\/h4><div class=\"pxl-icon-feature-card__text\"><p>Leader group include managers who oversee departments and report to the managing director, unit leaders supervising professional units within a department, and shift leaders working in production.<\/p>\n<\/div><\/div><\/div><\/div><div class=\"swiper-slide pxl-icon-feature-card elementor-repeater-item-b87a280\"><div class=\"pxl-icon-feature-card__inner\"><div class=\"pxl-icon-feature-card__bg\"><svg xmlns=\"http:\/\/www.w3.org\/2000\/svg\" width=\"361.117\" height=\"57.6\" viewBox=\"0 0 361.117 57.6\">\r\n  <path id=\"Intersection_1\" data-name=\"Intersection 1\" d=\"M-9681.289,14423c20.928-17.091,48.347-30.49,81.582-38.806,112.789-28.2,228.82-22.088,277.633,13.691V14412a11,11,0,0,1-11,11Z\" transform=\"translate(9682.691 -14365.902)\" fill=\"#f8a12e\" stroke=\"rgba(0,0,0,0)\" stroke-miterlimit=\"10\" stroke-width=\"1\"\/>\r\n<\/svg><\/div><div class=\"pxl-icon-feature-card__content\"><div class=\"pxl-icon-feature-card__icon\"><img loading=\"lazy\" decoding=\"async\" width=\"50\" height=\"51\" src=\"https:\/\/cjfoods.pxltest.hu\/wp-content\/uploads\/2025\/11\/asset-9.svg\" class=\"attachment-medium size-medium\" alt=\"\" loading=\"lazy\" \/><\/div><h4 class=\"pxl-icon-feature-card__title\">Engineers<\/h4><div class=\"pxl-icon-feature-card__text\"><p>Our engineers are typically professionals with a background in the food industry. They support production as process engineers, or in areas such as quality assurance, EHS or maintenance. They work in departments such as Production, Quality Assurance, Maintenance, or HR.<\/p>\n<\/div><\/div><\/div><\/div><div class=\"swiper-slide pxl-icon-feature-card elementor-repeater-item-3129485\"><div class=\"pxl-icon-feature-card__inner\"><div class=\"pxl-icon-feature-card__bg\"><svg xmlns=\"http:\/\/www.w3.org\/2000\/svg\" width=\"361.117\" height=\"57.6\" viewBox=\"0 0 361.117 57.6\">\r\n  <path id=\"Intersection_1\" data-name=\"Intersection 1\" d=\"M-9681.289,14423c20.928-17.091,48.347-30.49,81.582-38.806,112.789-28.2,228.82-22.088,277.633,13.691V14412a11,11,0,0,1-11,11Z\" transform=\"translate(9682.691 -14365.902)\" fill=\"#f8a12e\" stroke=\"rgba(0,0,0,0)\" stroke-miterlimit=\"10\" stroke-width=\"1\"\/>\r\n<\/svg><\/div><div class=\"pxl-icon-feature-card__content\"><div class=\"pxl-icon-feature-card__icon\"><img loading=\"lazy\" decoding=\"async\" width=\"46\" height=\"39\" src=\"https:\/\/cjfoods.pxltest.hu\/wp-content\/uploads\/2025\/11\/asset-8.svg\" class=\"attachment-medium size-medium\" alt=\"\" loading=\"lazy\" \/><\/div><h4 class=\"pxl-icon-feature-card__title\">Specialists<\/h4><div class=\"pxl-icon-feature-card__text\"><p>This diverse office-based role involves professionals working in departments and units that support production. These include the SCM and Financial &amp; Controlling units within the Business Operation department, as well as the HR department.<\/p>\n<\/div><\/div><\/div><\/div><div class=\"swiper-slide pxl-icon-feature-card elementor-repeater-item-55a3630\"><div class=\"pxl-icon-feature-card__inner\"><div class=\"pxl-icon-feature-card__bg\"><svg xmlns=\"http:\/\/www.w3.org\/2000\/svg\" width=\"361.117\" height=\"57.6\" viewBox=\"0 0 361.117 57.6\">\r\n  <path id=\"Intersection_1\" data-name=\"Intersection 1\" d=\"M-9681.289,14423c20.928-17.091,48.347-30.49,81.582-38.806,112.789-28.2,228.82-22.088,277.633,13.691V14412a11,11,0,0,1-11,11Z\" transform=\"translate(9682.691 -14365.902)\" fill=\"#f8a12e\" stroke=\"rgba(0,0,0,0)\" stroke-miterlimit=\"10\" stroke-width=\"1\"\/>\r\n<\/svg><\/div><div class=\"pxl-icon-feature-card__content\"><div class=\"pxl-icon-feature-card__icon\"><img loading=\"lazy\" decoding=\"async\" width=\"48\" height=\"38\" src=\"https:\/\/cjfoods.pxltest.hu\/wp-content\/uploads\/2025\/11\/asset-7.svg\" class=\"attachment-medium size-medium\" alt=\"\" loading=\"lazy\" \/><\/div><h4 class=\"pxl-icon-feature-card__title\">Technicians<\/h4><div class=\"pxl-icon-feature-card__text\"><p>Technicians with secondary-level specialized qualifications can join us as electrical or mechanical maintenance technicians, or work in areas such as occupational health and safety, fire safety, environmental protection, or as laboratory technicians in the Quality Assurance department.<\/p>\n<\/div><\/div><\/div><\/div><div class=\"swiper-slide pxl-icon-feature-card elementor-repeater-item-b27e8fd\"><div class=\"pxl-icon-feature-card__inner\"><div class=\"pxl-icon-feature-card__bg\"><svg xmlns=\"http:\/\/www.w3.org\/2000\/svg\" width=\"361.117\" height=\"57.6\" viewBox=\"0 0 361.117 57.6\">\r\n  <path id=\"Intersection_1\" data-name=\"Intersection 1\" d=\"M-9681.289,14423c20.928-17.091,48.347-30.49,81.582-38.806,112.789-28.2,228.82-22.088,277.633,13.691V14412a11,11,0,0,1-11,11Z\" transform=\"translate(9682.691 -14365.902)\" fill=\"#f8a12e\" stroke=\"rgba(0,0,0,0)\" stroke-miterlimit=\"10\" stroke-width=\"1\"\/>\r\n<\/svg><\/div><div class=\"pxl-icon-feature-card__content\"><div class=\"pxl-icon-feature-card__icon\"><img loading=\"lazy\" decoding=\"async\" width=\"52\" height=\"41\" src=\"https:\/\/cjfoods.pxltest.hu\/wp-content\/uploads\/2025\/11\/asset-6.svg\" class=\"attachment-medium size-medium\" alt=\"\" loading=\"lazy\" \/><\/div><h4 class=\"pxl-icon-feature-card__title\">Operators<\/h4><div class=\"pxl-icon-feature-card__text\"><p>The largest job group, which includes positions for individuals with basic education and beginners. One can join as production operator, warehouse or forklift operator, quality inspector, or even as member of the security or cleaning staff.<\/p>\n<\/div><\/div><\/div><\/div><\/div><div class=\"swiper-scrollbar\"><div class=\"swiper-scrollbar-inner\"><\/div><\/div><\/div><\/div>\t\t\t\t<\/div>\n\t\t\t\t<\/div>\n\t\t\t\t<\/div>\n\t\t<div class=\"elementor-element elementor-element-e1f717a e-flex e-con-boxed e-con e-parent\" data-id=\"e1f717a\" data-element_type=\"container\" data-e-type=\"container\">\n\t\t\t\t\t<div class=\"e-con-inner\">\n\t\t\t\t<div class=\"elementor-element elementor-element-1cfe133 elementor-grid-1 elementor-grid-mobile-1 elementor-widget elementor-widget-loop-grid\" data-id=\"1cfe133\" data-element_type=\"widget\" data-e-type=\"widget\" data-settings=\"{&quot;template_id&quot;:408,&quot;columns&quot;:1,&quot;row_gap&quot;:{&quot;unit&quot;:&quot;px&quot;,&quot;size&quot;:40,&quot;sizes&quot;:[]},&quot;row_gap_tablet&quot;:{&quot;unit&quot;:&quot;px&quot;,&quot;size&quot;:30,&quot;sizes&quot;:[]},&quot;row_gap_mobile&quot;:{&quot;unit&quot;:&quot;px&quot;,&quot;size&quot;:25,&quot;sizes&quot;:[]},&quot;_skin&quot;:&quot;post&quot;,&quot;columns_mobile&quot;:&quot;1&quot;,&quot;edit_handle_selector&quot;:&quot;[data-elementor-type=\\&quot;loop-item\\&quot;]&quot;,&quot;row_gap_laptop&quot;:{&quot;unit&quot;:&quot;px&quot;,&quot;size&quot;:&quot;&quot;,&quot;sizes&quot;:[]}}\" data-widget_type=\"loop-grid.post\">\n\t\t\t\t<div class=\"elementor-widget-container\">\n\t\t\t\t\t\t\t<div class=\"elementor-loop-container elementor-grid\" role=\"list\">\n\t\t<style id=\"loop-408\">.elementor-408 .elementor-element.elementor-element-66b369c{--display:flex;--margin-top:0px;--margin-bottom:0px;--margin-left:0px;--margin-right:0px;--padding-top:0px;--padding-bottom:0px;--padding-left:0px;--padding-right:0px;}<\/style>\t\t<div data-elementor-type=\"loop-item\" data-elementor-id=\"408\" class=\"elementor elementor-408 e-loop-item e-loop-item-1729 post-1729 jobs type-jobs status-publish has-post-thumbnail hentry job_category-hr job_category-szakertok job_tag-hr-generalist\" data-elementor-post-type=\"elementor_library\" data-custom-edit-handle=\"1\">\n\t\t\t<div class=\"elementor-element elementor-element-66b369c e-con-full e-flex e-con e-parent\" data-id=\"66b369c\" data-element_type=\"container\" data-e-type=\"container\">\n\t\t\t\t<div class=\"elementor-element elementor-element-f246153 elementor-invisible elementor-widget elementor-widget-shortcode\" data-id=\"f246153\" data-element_type=\"widget\" data-e-type=\"widget\" data-settings=\"{&quot;_animation&quot;:&quot;fadeInUp&quot;}\" data-widget_type=\"shortcode.default\">\n\t\t\t\t\t\t\t<div class=\"elementor-shortcode\"><div class=\"pxl-job-item\"><div class=\"pxl-job-item__image\"><img decoding=\"async\" src=\"https:\/\/cjfoods.pxltest.hu\/wp-content\/themes\/pxl-elementor-child\/assets\/img\/specialists.svg\" alt=\"Job ikon\"><\/div><div class=\"pxl-job-item__content\"><h3 class=\"pxl-job-item__title\">HR generalista (K\u00e9pz\u00e9s \u00e9s juttat\u00e1sok)<\/h3><p class=\"pxl-job-item__description\">A CJ Foods D\u00e9l-Korea legnagyobb \u00e9lelmiszergy\u00e1rt\u00f3ja, mely a dinamikusan n\u00f6vekv\u0151 eur\u00f3pai kereslet kiel\u00e9g\u00edt\u00e9s\u00e9re D\u00e9l-Pest megy\u00e9ben, Dunavars\u00e1nyban \u00e9p\u00edti m\u00e1sodik eur\u00f3pai \u00e9s els\u0151 magyarorsz\u00e1gi \u00fczem\u00e9t. A magyarorsz\u00e1gi le\u00e1nyv\u00e1llalathoz, a CJ Foods Hungary Kft-hez keress\u00fck \u00faj koll\u00e9g\u00e1nkat HR Generalista poz\u00edci\u00f3ba, k\u00e9pz\u00e9s \u00e9s juttat\u00e1sok...<\/p><ul class=\"pxl-job-item__metas\"><li>Szakmai tapasztalat<\/li><li>Teljes munkaid\u0151 - 8 \u00f3ra\/nap<\/li><\/ul><\/div><div class=\"pxl-job-item__btn pxl-button-style-style1\"><a href=\"https:\/\/cjfoods.pxltest.hu\/en\/jobs\/hr-generalista\/\" class=\"elementor-button\">READ MORE<\/a><\/div><\/div><\/div>\n\t\t\t\t\t\t<\/div>\n\t\t\t\t<\/div>\n\t\t\t\t<\/div>\n\t\t\t\t<div data-elementor-type=\"loop-item\" data-elementor-id=\"408\" class=\"elementor elementor-408 e-loop-item e-loop-item-1704 post-1704 jobs type-jobs status-publish has-post-thumbnail hentry job_category-szallitas-beszerzes-logisztika job_category-vezetok job_tag-elelmiszer-raktar job_tag-muszakvezeto job_tag-raktarvezeto job_tag-tobb-muszak-vallalasa\" data-elementor-post-type=\"elementor_library\" data-custom-edit-handle=\"1\">\n\t\t\t<div class=\"elementor-element elementor-element-66b369c e-con-full e-flex e-con e-parent\" data-id=\"66b369c\" data-element_type=\"container\" data-e-type=\"container\">\n\t\t\t\t<div class=\"elementor-element elementor-element-f246153 elementor-invisible elementor-widget elementor-widget-shortcode\" data-id=\"f246153\" data-element_type=\"widget\" data-e-type=\"widget\" data-settings=\"{&quot;_animation&quot;:&quot;fadeInUp&quot;}\" data-widget_type=\"shortcode.default\">\n\t\t\t\t\t\t\t<div class=\"elementor-shortcode\"><div class=\"pxl-job-item\"><div class=\"pxl-job-item__image\"><img decoding=\"async\" src=\"https:\/\/cjfoods.pxltest.hu\/wp-content\/themes\/pxl-elementor-child\/assets\/img\/leaders.svg\" alt=\"Job ikon\"><\/div><div class=\"pxl-job-item__content\"><h3 class=\"pxl-job-item__title\">Nappalos Rakt\u00e1ri M\u0171szakvezet\u0151<\/h3><p class=\"pxl-job-item__description\">A rakt\u00e1ri feladatok szervez\u00e9s\u00e9re \u00e9s a rakt\u00e1ros csapat ir\u00e1ny\u00edt\u00e1s\u00e1ra keress\u00fck \u00faj nappalos m\u0171szakvezet\u0151 koll\u00e9g\u00e1nkat, aki a munkabiztons\u00e1gi, a higi\u00e9niai\/min\u0151s\u00e9gi \u00e9s rakt\u00e1ri el\u0151\u00edr\u00e1sok betart(at)\u00e1s\u00e1val felel az \u00fczem alapanyag-, \u00e9s k\u00e9sz\u00e1rurakt\u00e1rainak h\u00e1rom m\u0171szakos m\u0171k\u00f6d\u00e9s\u00e9rt<\/p><ul class=\"pxl-job-item__metas\"><li>Vezet\u0151i tapasztalat<\/li><li>Teljes munkaid\u0151 - 8 \u00f3ra\/nap<\/li><\/ul><\/div><div class=\"pxl-job-item__btn pxl-button-style-style1\"><a href=\"https:\/\/cjfoods.pxltest.hu\/en\/jobs\/nappalos-raktari-muszakvezeto\/\" class=\"elementor-button\">READ MORE<\/a><\/div><\/div><\/div>\n\t\t\t\t\t\t<\/div>\n\t\t\t\t<\/div>\n\t\t\t\t<\/div>\n\t\t\t\t<div data-elementor-type=\"loop-item\" data-elementor-id=\"408\" class=\"elementor elementor-408 e-loop-item e-loop-item-1694 post-1694 jobs type-jobs status-publish has-post-thumbnail hentry job_category-vezetok\" data-elementor-post-type=\"elementor_library\" data-custom-edit-handle=\"1\">\n\t\t\t<div class=\"elementor-element elementor-element-66b369c e-con-full e-flex e-con e-parent\" data-id=\"66b369c\" data-element_type=\"container\" data-e-type=\"container\">\n\t\t\t\t<div class=\"elementor-element elementor-element-f246153 elementor-invisible elementor-widget elementor-widget-shortcode\" data-id=\"f246153\" data-element_type=\"widget\" data-e-type=\"widget\" data-settings=\"{&quot;_animation&quot;:&quot;fadeInUp&quot;}\" data-widget_type=\"shortcode.default\">\n\t\t\t\t\t\t\t<div class=\"elementor-shortcode\"><div class=\"pxl-job-item\"><div class=\"pxl-job-item__image\"><img decoding=\"async\" src=\"https:\/\/cjfoods.pxltest.hu\/wp-content\/themes\/pxl-elementor-child\/assets\/img\/leaders.svg\" alt=\"Job ikon\"><\/div><div class=\"pxl-job-item__content\"><h3 class=\"pxl-job-item__title\">Termel\u00e9si m\u0171szakvezet\u0151<\/h3><p class=\"pxl-job-item__description\">A CJ Foods D\u00e9l-Korea legnagyobb \u00e9lelmiszergy\u00e1rt\u00f3ja, mely a dinamikusan n\u00f6vekv\u0151 eur\u00f3pai kereslet kiel\u00e9g\u00edt\u00e9s\u00e9re D\u00e9l-Pest megy\u00e9ben, Dunavars\u00e1nyban \u00e9p\u00edti m\u00e1sodik eur\u00f3pai \u00e9s els\u0151 magyarorsz\u00e1gi \u00fczem\u00e9t.A g\u00e9pkezel\u0151k ir\u00e1ny\u00edt\u00e1s\u00e1ra keres\u00fcnk 3 \u00faj m\u0171szakvezet\u0151&nbsp;koll\u00e9g\u00e1t. Feladatuk a munkabiztons\u00e1gi, higi\u00e9niai\/min\u0151s\u00e9gi \u00e9s termel\u00e9si el\u0151\u00edr\u00e1sok betart\u00e1sa, a tervezett kihozatal...<\/p><ul class=\"pxl-job-item__metas\"><li>Szakmai tapasztalat<\/li><li>Teljes munkaid\u0151 - 8 \u00f3ra\/nap<\/li><\/ul><\/div><div class=\"pxl-job-item__btn pxl-button-style-style1\"><a href=\"https:\/\/cjfoods.pxltest.hu\/en\/jobs\/termelesi-muszakvezeto\/\" class=\"elementor-button\">READ MORE<\/a><\/div><\/div><\/div>\n\t\t\t\t\t\t<\/div>\n\t\t\t\t<\/div>\n\t\t\t\t<\/div>\n\t\t\t\t<div data-elementor-type=\"loop-item\" data-elementor-id=\"408\" class=\"elementor elementor-408 e-loop-item e-loop-item-1693 post-1693 jobs type-jobs status-publish has-post-thumbnail hentry job_category-mernokok\" data-elementor-post-type=\"elementor_library\" data-custom-edit-handle=\"1\">\n\t\t\t<div class=\"elementor-element elementor-element-66b369c e-con-full e-flex e-con e-parent\" data-id=\"66b369c\" data-element_type=\"container\" data-e-type=\"container\">\n\t\t\t\t<div class=\"elementor-element elementor-element-f246153 elementor-invisible elementor-widget elementor-widget-shortcode\" data-id=\"f246153\" data-element_type=\"widget\" data-e-type=\"widget\" data-settings=\"{&quot;_animation&quot;:&quot;fadeInUp&quot;}\" data-widget_type=\"shortcode.default\">\n\t\t\t\t\t\t\t<div class=\"elementor-shortcode\"><div class=\"pxl-job-item\"><div class=\"pxl-job-item__image\"><img decoding=\"async\" src=\"https:\/\/cjfoods.pxltest.hu\/wp-content\/themes\/pxl-elementor-child\/assets\/img\/engineers.svg\" alt=\"Job ikon\"><\/div><div class=\"pxl-job-item__content\"><h3 class=\"pxl-job-item__title\">Lean-Folyamatm\u00e9rn\u00f6k<\/h3><p class=\"pxl-job-item__description\">A CJ Foods D\u00e9l-Korea legnagyobb \u00e9lelmiszergy\u00e1rt\u00f3ja, mely a dinamikusan n\u00f6vekv\u0151 eur\u00f3pai kereslet kiel\u00e9g\u00edt\u00e9s\u00e9re D\u00e9l-Pest megy\u00e9ben, Dunavars\u00e1nyban \u00e9p\u00edti m\u00e1sodik eur\u00f3pai \u00e9s els\u0151 magyarorsz\u00e1gi \u00fczem\u00e9t.A poz\u00edci\u00f3 f\u0151 c\u00e9lja a termel\u00e9si folyamatok hat\u00e9konys\u00e1g\u00e1nak n\u00f6vel\u00e9se a vesztes\u00e9gek minimaliz\u00e1l\u00e1s\u00e1val, a min\u0151s\u00e9g jav\u00edt\u00e1s\u00e1val \u00e9s az \u00e1tfut\u00e1si...<\/p><ul class=\"pxl-job-item__metas\"><li>Szakmai tapasztalat<\/li><li>Teljes munkaid\u0151 - 8 \u00f3ra\/nap<\/li><\/ul><\/div><div class=\"pxl-job-item__btn pxl-button-style-style1\"><a href=\"https:\/\/cjfoods.pxltest.hu\/en\/jobs\/lean-folyamat-mernok\/\" class=\"elementor-button\">READ MORE<\/a><\/div><\/div><\/div>\n\t\t\t\t\t\t<\/div>\n\t\t\t\t<\/div>\n\t\t\t\t<\/div>\n\t\t\t\t<div data-elementor-type=\"loop-item\" data-elementor-id=\"408\" class=\"elementor elementor-408 e-loop-item e-loop-item-1649 post-1649 jobs type-jobs status-publish has-post-thumbnail hentry job_category-mernokok\" data-elementor-post-type=\"elementor_library\" data-custom-edit-handle=\"1\">\n\t\t\t<div class=\"elementor-element elementor-element-66b369c e-con-full e-flex e-con e-parent\" data-id=\"66b369c\" data-element_type=\"container\" data-e-type=\"container\">\n\t\t\t\t<div class=\"elementor-element elementor-element-f246153 elementor-invisible elementor-widget elementor-widget-shortcode\" data-id=\"f246153\" data-element_type=\"widget\" data-e-type=\"widget\" data-settings=\"{&quot;_animation&quot;:&quot;fadeInUp&quot;}\" data-widget_type=\"shortcode.default\">\n\t\t\t\t\t\t\t<div class=\"elementor-shortcode\"><div class=\"pxl-job-item\"><div class=\"pxl-job-item__image\"><img decoding=\"async\" src=\"https:\/\/cjfoods.pxltest.hu\/wp-content\/themes\/pxl-elementor-child\/assets\/img\/engineers.svg\" alt=\"Job ikon\"><\/div><div class=\"pxl-job-item__content\"><h3 class=\"pxl-job-item__title\">Folyamatm\u00e9rn\u00f6k<\/h3><p class=\"pxl-job-item__description\">A CJ Foods D\u00e9l-Korea legnagyobb \u00e9lelmiszergy\u00e1rt\u00f3ja, mely a dinamikusan n\u00f6vekv\u0151 eur\u00f3pai kereslet kiel\u00e9g\u00edt\u00e9s\u00e9re D\u00e9l-Pest megy\u00e9ben, Dunavars\u00e1nyban \u00e9p\u00edti m\u00e1sodik eur\u00f3pai \u00e9s els\u0151 magyarorsz\u00e1gi \u00fczem\u00e9t.\u00daj koll\u00e9g\u00e1t keres\u00fcnk Folyamatm\u00e9rn\u00f6k poz\u00edci\u00f3ba, aki a Termel\u00e9si vezet\u0151 k\u00f6zvetlen munkat\u00e1rsak\u00e9nt vesz majd r\u00e9szt a termel\u00e9s elind\u00edt\u00e1s\u00e1ban \u00e9s...<\/p><ul class=\"pxl-job-item__metas\"><li>Szakmai tapasztalat<\/li><li>Teljes munkaid\u0151 - 8 \u00f3ra\/nap<\/li><\/ul><\/div><div class=\"pxl-job-item__btn pxl-button-style-style1\"><a href=\"https:\/\/cjfoods.pxltest.hu\/en\/jobs\/folyamatmernok\/\" class=\"elementor-button\">READ MORE<\/a><\/div><\/div><\/div>\n\t\t\t\t\t\t<\/div>\n\t\t\t\t<\/div>\n\t\t\t\t<\/div>\n\t\t\t\t<div data-elementor-type=\"loop-item\" data-elementor-id=\"408\" class=\"elementor elementor-408 e-loop-item e-loop-item-1641 post-1641 jobs type-jobs status-publish has-post-thumbnail hentry job_category-mernokok\" data-elementor-post-type=\"elementor_library\" data-custom-edit-handle=\"1\">\n\t\t\t<div class=\"elementor-element elementor-element-66b369c e-con-full e-flex e-con e-parent\" data-id=\"66b369c\" data-element_type=\"container\" data-e-type=\"container\">\n\t\t\t\t<div class=\"elementor-element elementor-element-f246153 elementor-invisible elementor-widget elementor-widget-shortcode\" data-id=\"f246153\" data-element_type=\"widget\" data-e-type=\"widget\" data-settings=\"{&quot;_animation&quot;:&quot;fadeInUp&quot;}\" data-widget_type=\"shortcode.default\">\n\t\t\t\t\t\t\t<div class=\"elementor-shortcode\"><div class=\"pxl-job-item\"><div class=\"pxl-job-item__image\"><img decoding=\"async\" src=\"https:\/\/cjfoods.pxltest.hu\/wp-content\/themes\/pxl-elementor-child\/assets\/img\/engineers.svg\" alt=\"Job ikon\"><\/div><div class=\"pxl-job-item__content\"><h3 class=\"pxl-job-item__title\">\u00c9lelmiszerbiztons\u00e1gi min\u0151s\u00e9g\u00fcgyi m\u00e9rn\u00f6k<\/h3><p class=\"pxl-job-item__description\">A CJ Foods D\u00e9l-Korea legnagyobb \u00e9lelmiszergy\u00e1rt\u00f3ja, mely a dinamikusan n\u00f6vekv\u0151 eur\u00f3pai kereslet kiel\u00e9g\u00edt\u00e9s\u00e9re D\u00e9l-Pest megy\u00e9ben, Dunavars\u00e1nyban \u00e9p\u00edti m\u00e1sodik eur\u00f3pai \u00e9s els\u0151 magyarorsz\u00e1gi \u00fczem\u00e9t.A Quality Manager k\u00f6zvetlen, \u00e9lelmiszerbiztons\u00e1gban j\u00e1rt\u00e1s munkat\u00e1rs\u00e1t keress\u00fck.<\/p><ul class=\"pxl-job-item__metas\"><li>Szakmai tapasztalat<\/li><li>Teljes munkaid\u0151 - 8 \u00f3ra\/nap<\/li><\/ul><\/div><div class=\"pxl-job-item__btn pxl-button-style-style1\"><a href=\"https:\/\/cjfoods.pxltest.hu\/en\/jobs\/elelmiszerbiztonsagi-minosegugyi-mernok\/\" class=\"elementor-button\">READ MORE<\/a><\/div><\/div><\/div>\n\t\t\t\t\t\t<\/div>\n\t\t\t\t<\/div>\n\t\t\t\t<\/div>\n\t\t\t\t<div data-elementor-type=\"loop-item\" data-elementor-id=\"408\" class=\"elementor elementor-408 e-loop-item e-loop-item-1630 post-1630 jobs type-jobs status-publish has-post-thumbnail hentry job_category-mernokok job_category-technikusok\" data-elementor-post-type=\"elementor_library\" data-custom-edit-handle=\"1\">\n\t\t\t<div class=\"elementor-element elementor-element-66b369c e-con-full e-flex e-con e-parent\" data-id=\"66b369c\" data-element_type=\"container\" data-e-type=\"container\">\n\t\t\t\t<div class=\"elementor-element elementor-element-f246153 elementor-invisible elementor-widget elementor-widget-shortcode\" data-id=\"f246153\" data-element_type=\"widget\" data-e-type=\"widget\" data-settings=\"{&quot;_animation&quot;:&quot;fadeInUp&quot;}\" data-widget_type=\"shortcode.default\">\n\t\t\t\t\t\t\t<div class=\"elementor-shortcode\"><div class=\"pxl-job-item\"><div class=\"pxl-job-item__image\"><img decoding=\"async\" src=\"https:\/\/cjfoods.pxltest.hu\/wp-content\/themes\/pxl-elementor-child\/assets\/img\/engineers.svg\" alt=\"Job ikon\"><\/div><div class=\"pxl-job-item__content\"><h3 class=\"pxl-job-item__title\">Karbantart\u00f3 \u00e9s \u00e9p\u00fclet\u00fczemeltet\u00e9si m\u00e9rn\u00f6k<\/h3><p class=\"pxl-job-item__description\">A CJ Foods D\u00e9l-Korea legnagyobb \u00e9lelmiszergy\u00e1rt\u00f3ja, mely a dinamikusan n\u00f6vekv\u0151 eur\u00f3pai kereslet kiel\u00e9g\u00edt\u00e9s\u00e9re D\u00e9l-Pest megy\u00e9ben, Dunavars\u00e1nyban \u00e9p\u00edti m\u00e1sodik eur\u00f3pai \u00e9s els\u0151 magyarorsz\u00e1gi \u00fczem\u00e9t.Dunavars\u00e1nyi \u00fczem\u00fcnk \u00e9lelmiszeripari g\u00e9peit \u00e9s \u00e9p\u00fcletg\u00e9p\u00e9szeti rendszereit m\u00fck\u00f6dtet\u0151 m\u00e9rn\u00f6k\u00f6ket keres\u00fcnk.<\/p><ul class=\"pxl-job-item__metas\"><li>Szakmai tapasztalat<\/li><li>Teljes munkaid\u0151 - 8 \u00f3ra\/nap<\/li><\/ul><\/div><div class=\"pxl-job-item__btn pxl-button-style-style1\"><a href=\"https:\/\/cjfoods.pxltest.hu\/en\/jobs\/karbantarto-es-epuletuzemeltetesi-mernok\/\" class=\"elementor-button\">READ MORE<\/a><\/div><\/div><\/div>\n\t\t\t\t\t\t<\/div>\n\t\t\t\t<\/div>\n\t\t\t\t<\/div>\n\t\t\t\t<\/div>\n\t\t\n\t\t\t\t\t\t<\/div>\n\t\t\t\t<\/div>\n\t\t\t\t<div class=\"elementor-element elementor-element-2879744 elementor-widget elementor-widget-spacer\" data-id=\"2879744\" data-element_type=\"widget\" data-e-type=\"widget\" data-widget_type=\"spacer.default\">\n\t\t\t\t\t\t\t<div class=\"elementor-spacer\">\n\t\t\t<div class=\"elementor-spacer-inner\"><\/div>\n\t\t<\/div>\n\t\t\t\t\t\t<\/div>\n\t\t\t\t\t<\/div>\n\t\t\t\t<\/div>\n\t\t\t\t<\/div>\n\t\t","protected":false},"excerpt":{"rendered":"<p>Job groups Leaders Leader group include managers who oversee departments and report to the managing director, unit leaders supervising professional units within a department, and shift leaders working in production. Engineers Our engineers are typically professionals with a background in the food industry. They support production as process engineers, or in areas such as quality [&hellip;]<\/p>\n","protected":false},"author":1,"featured_media":932,"parent":0,"menu_order":0,"comment_status":"closed","ping_status":"closed","template":"","meta":{"footnotes":""},"class_list":["post-1150","page","type-page","status-publish","has-post-thumbnail","hentry"],"_links":{"self":[{"href":"https:\/\/cjfoods.pxltest.hu\/en\/wp-json\/wp\/v2\/pages\/1150","targetHints":{"allow":["GET"]}}],"collection":[{"href":"https:\/\/cjfoods.pxltest.hu\/en\/wp-json\/wp\/v2\/pages"}],"about":[{"href":"https:\/\/cjfoods.pxltest.hu\/en\/wp-json\/wp\/v2\/types\/page"}],"author":[{"embeddable":true,"href":"https:\/\/cjfoods.pxltest.hu\/en\/wp-json\/wp\/v2\/users\/1"}],"replies":[{"embeddable":true,"href":"https:\/\/cjfoods.pxltest.hu\/en\/wp-json\/wp\/v2\/comments?post=1150"}],"version-history":[{"count":8,"href":"https:\/\/cjfoods.pxltest.hu\/en\/wp-json\/wp\/v2\/pages\/1150\/revisions"}],"predecessor-version":[{"id":1282,"href":"https:\/\/cjfoods.pxltest.hu\/en\/wp-json\/wp\/v2\/pages\/1150\/revisions\/1282"}],"wp:featuredmedia":[{"embeddable":true,"href":"https:\/\/cjfoods.pxltest.hu\/en\/wp-json\/wp\/v2\/media\/932"}],"wp:attachment":[{"href":"https:\/\/cjfoods.pxltest.hu\/en\/wp-json\/wp\/v2\/media?parent=1150"}],"curies":[{"name":"wp","href":"https:\/\/api.w.org\/{rel}","templated":true}]}}